{"id":1392,"date":"2025-10-07T09:50:33","date_gmt":"2025-10-07T07:50:33","guid":{"rendered":"https:\/\/szallkerplast.hu\/product\/gulyastal-tetovel\/"},"modified":"2025-10-09T18:43:11","modified_gmt":"2025-10-09T16:43:11","slug":"gulyastal-tetovel","status":"publish","type":"product","link":"https:\/\/szallkerplast.hu\/ro\/product\/gulyastal-tetovel\/","title":{"rendered":"Oal\u0103 pentru gula\u0219 cu capac"},"content":{"rendered":"<p>Cutia noastr\u0103 de pr\u00e2nz este o alegere ideal\u0103 dac\u0103 c\u0103uta\u021bi o solu\u021bie fiabil\u0103 \u0219i de \u00eenalt\u0103 calitate pentru depozitarea alimentelor. Produsele noastre sunt fabricate din polipropilen\u0103, asigur\u00e2nd durabilitate \u0219i o durat\u0103 lung\u0103 de via\u021b\u0103. Produsul poate fi utilizat \u00een cuptorul cu microunde, permi\u021b\u00e2nd \u00eenc\u0103lzirea rapid\u0103 \u0219i u\u0219oar\u0103 a alimentelor direct \u00een recipient. Se cur\u0103\u021b\u0103 cu ap\u0103 cald\u0103 \u0219i s\u0103pun, ceea ce reprezint\u0103 o metod\u0103 rapid\u0103 \u0219i eficient\u0103 de \u00eendep\u0103rtare a resturilor alimentare. Cutia de pr\u00e2nz este disponibil\u0103 \u00een mai multe culori, alegerea fiind posibil\u0103 \u00een func\u021bie de preferin\u021bele personale, ceea ce faciliteaz\u0103 distingerea alimentelor \u0219i g\u0103sirea recipientului potrivit.<\/p>\n<p>Produs fabricat \u00een Ungaria, realizat pe propriile noastre linii de produc\u021bie. Folosim materiale de calitate \u0219i monitoriz\u0103m cu aten\u021bie procesul de fabrica\u021bie pentru a asigura calitatea excelent\u0103 \u0219i fiabilitatea produsului nostru.<\/p>\n<p>Alege\u021bi cutiile noastre de pr\u00e2nz pentru v\u00e2nzare en-gros \u0219i cu am\u0103nuntul pentru a oferi clien\u021bilor dumneavoastr\u0103 o solu\u021bie fiabil\u0103 \u0219i practic\u0103 de depozitare a alimentelor. Acest produs este o alegere excelent\u0103 pentru uz zilnic, c\u0103l\u0103torii, locul de munc\u0103 \u0219i alte ocazii \u00een care este important s\u0103 p\u0103stra\u021bi alimentele \u00een siguran\u021b\u0103 \u0219i proaspete.<\/p>","protected":false},"excerpt":{"rendered":"<ul>\n<li>Material: Polipropilen<\/li>\n<li>Capacitate: 0,6 L<\/li>\n<li>Potrivit pentru cuptor cu microunde<\/li>\n<li>Se cur\u0103\u021b\u0103 u\u0219or cu ap\u0103 cald\u0103 \u0219i s\u0103pun<\/li>\n<li>Culoare: albastru, verde, ro\u0219u<\/li>\n<li>Produs maghiar fabricat de noi<\/li>\n<\/ul>","protected":false},"featured_media":440,"template":"","meta":[],"product_brand":[],"product_cat":[38],"product_tag":[],"class_list":{"0":"post-1392","1":"product","2":"type-product","3":"status-publish","4":"has-post-thumbnail","6":"product_cat-haztartasi-termekek","8":"first","9":"instock","10":"taxable","11":"shipping-taxable","12":"product-type-simple"},"yoast_head":"<!-- This site is optimized with the Yoast SEO plugin v27.1.1 - https:\/\/yoast.com\/product\/yoast-seo-wordpress\/ -->\n<title>Guly\u00e1st\u00e1l tet\u0151vel - Sz\u00e1ll-Ker-Plast<\/title>\n<meta name=\"robots\" content=\"noindex, follow\" \/>\n<meta property=\"og:locale\" content=\"ro_RO\" \/>\n<meta property=\"og:type\" content=\"article\" \/>\n<meta property=\"og:title\" content=\"Guly\u00e1st\u00e1l tet\u0151vel - Sz\u00e1ll-Ker-Plast\" \/>\n<meta property=\"og:description\" content=\"anyaga: polipropil\u00e9n  \u0171rtartam: 0,6 l  mikrohull\u00e1m\u00fa s\u00fct\u0151ben haszn\u00e1lhat\u00f3  egyszer\u0171en, meleg mos\u00f3szeres v\u00edzzel tiszt\u00edthat\u00f3  sz\u00edn: k\u00e9k, z\u00f6ld, piros  \u00e1ltalunk gy\u00e1rtott magyar term\u00e9k\" \/>\n<meta property=\"og:url\" content=\"https:\/\/szallkerplast.hu\/ro\/product\/gulyastal-tetovel\/\" \/>\n<meta property=\"og:site_name\" content=\"Sz\u00e1ll-Ker-Plast\" \/>\n<meta property=\"article:modified_time\" content=\"2025-10-09T16:43:11+00:00\" \/>\n<meta property=\"og:image\" content=\"https:\/\/szallkerplast.hu\/wp-content\/uploads\/2023\/05\/mikrodoboz-7dl-scaled.jpeg\" \/>\n\t<meta property=\"og:image:width\" content=\"1707\" \/>\n\t<meta property=\"og:image:height\" content=\"2560\" \/>\n\t<meta property=\"og:image:type\" content=\"image\/jpeg\" \/>\n<meta name=\"twitter:card\" content=\"summary_large_image\" \/>\n<meta name=\"twitter:label1\" content=\"Timp estimat pentru citire\" \/>\n\t<meta name=\"twitter:data1\" content=\"1 minut\" \/>\n<script type=\"application\/ld+json\" class=\"yoast-schema-graph\">{\"@context\":\"https:\/\/schema.org\",\"@graph\":[{\"@type\":\"WebPage\",\"@id\":\"https:\/\/szallkerplast.hu\/product\/gulyastal-tetovel\/\",\"url\":\"https:\/\/szallkerplast.hu\/product\/gulyastal-tetovel\/\",\"name\":\"Guly\u00e1st\u00e1l tet\u0151vel - Sz\u00e1ll-Ker-Plast\",\"isPartOf\":{\"@id\":\"https:\/\/szallkerplast.hu\/#website\"},\"primaryImageOfPage\":{\"@id\":\"https:\/\/szallkerplast.hu\/product\/gulyastal-tetovel\/#primaryimage\"},\"image\":{\"@id\":\"https:\/\/szallkerplast.hu\/product\/gulyastal-tetovel\/#primaryimage\"},\"thumbnailUrl\":\"https:\/\/szallkerplast.hu\/wp-content\/uploads\/2023\/05\/mikrodoboz-7dl-scaled.jpeg\",\"datePublished\":\"2025-10-07T07:50:33+00:00\",\"dateModified\":\"2025-10-09T16:43:11+00:00\",\"breadcrumb\":{\"@id\":\"https:\/\/szallkerplast.hu\/product\/gulyastal-tetovel\/#breadcrumb\"},\"inLanguage\":\"ro-RO\",\"potentialAction\":[{\"@type\":\"ReadAction\",\"target\":[\"https:\/\/szallkerplast.hu\/product\/gulyastal-tetovel\/\"]}]},{\"@type\":\"ImageObject\",\"inLanguage\":\"ro-RO\",\"@id\":\"https:\/\/szallkerplast.hu\/product\/gulyastal-tetovel\/#primaryimage\",\"url\":\"https:\/\/szallkerplast.hu\/wp-content\/uploads\/2023\/05\/mikrodoboz-7dl-scaled.jpeg\",\"contentUrl\":\"https:\/\/szallkerplast.hu\/wp-content\/uploads\/2023\/05\/mikrodoboz-7dl-scaled.jpeg\",\"width\":1707,\"height\":2560},{\"@type\":\"BreadcrumbList\",\"@id\":\"https:\/\/szallkerplast.hu\/product\/gulyastal-tetovel\/#breadcrumb\",\"itemListElement\":[{\"@type\":\"ListItem\",\"position\":1,\"name\":\"Home\",\"item\":\"https:\/\/szallkerplast.hu\/\"},{\"@type\":\"ListItem\",\"position\":2,\"name\":\"M\u0171anyagipari term\u00e9kek\",\"item\":\"https:\/\/szallkerplast.hu\/muanyagipari-termekek\/\"},{\"@type\":\"ListItem\",\"position\":3,\"name\":\"Guly\u00e1st\u00e1l tet\u0151vel\"}]},{\"@type\":\"WebSite\",\"@id\":\"https:\/\/szallkerplast.hu\/#website\",\"url\":\"https:\/\/szallkerplast.hu\/\",\"name\":\"Sz\u00e1ll-Ker-Plast\",\"description\":\"M\u0171anyagipari fr\u00f6ccs\u00f6nt\u00e9s\",\"publisher\":{\"@id\":\"https:\/\/szallkerplast.hu\/#organization\"},\"potentialAction\":[{\"@type\":\"SearchAction\",\"target\":{\"@type\":\"EntryPoint\",\"urlTemplate\":\"https:\/\/szallkerplast.hu\/?s={search_term_string}\"},\"query-input\":{\"@type\":\"PropertyValueSpecification\",\"valueRequired\":true,\"valueName\":\"search_term_string\"}}],\"inLanguage\":\"ro-RO\"},{\"@type\":\"Organization\",\"@id\":\"https:\/\/szallkerplast.hu\/#organization\",\"name\":\"Sz\u00e1ll-Ker-Plast\",\"url\":\"https:\/\/szallkerplast.hu\/\",\"logo\":{\"@type\":\"ImageObject\",\"inLanguage\":\"ro-RO\",\"@id\":\"https:\/\/szallkerplast.hu\/#\/schema\/logo\/image\/\",\"url\":\"https:\/\/szallkerplast.hu\/wp-content\/uploads\/2023\/05\/szallker_title.png\",\"contentUrl\":\"https:\/\/szallkerplast.hu\/wp-content\/uploads\/2023\/05\/szallker_title.png\",\"width\":2000,\"height\":396,\"caption\":\"Sz\u00e1ll-Ker-Plast\"},\"image\":{\"@id\":\"https:\/\/szallkerplast.hu\/#\/schema\/logo\/image\/\"}}]}<\/script>\n<!-- \/ Yoast SEO plugin. -->","yoast_head_json":{"title":"Guly\u00e1st\u00e1l tet\u0151vel - Sz\u00e1ll-Ker-Plast","robots":{"index":"noindex","follow":"follow"},"og_locale":"ro_RO","og_type":"article","og_title":"Guly\u00e1st\u00e1l tet\u0151vel - Sz\u00e1ll-Ker-Plast","og_description":"anyaga: polipropil\u00e9n  \u0171rtartam: 0,6 l  mikrohull\u00e1m\u00fa s\u00fct\u0151ben haszn\u00e1lhat\u00f3  egyszer\u0171en, meleg mos\u00f3szeres v\u00edzzel tiszt\u00edthat\u00f3  sz\u00edn: k\u00e9k, z\u00f6ld, piros  \u00e1ltalunk gy\u00e1rtott magyar term\u00e9k","og_url":"https:\/\/szallkerplast.hu\/ro\/product\/gulyastal-tetovel\/","og_site_name":"Sz\u00e1ll-Ker-Plast","article_modified_time":"2025-10-09T16:43:11+00:00","og_image":[{"width":1707,"height":2560,"url":"https:\/\/szallkerplast.hu\/wp-content\/uploads\/2023\/05\/mikrodoboz-7dl-scaled.jpeg","type":"image\/jpeg"}],"twitter_card":"summary_large_image","twitter_misc":{"Timp estimat pentru citire":"1 minut"},"schema":{"@context":"https:\/\/schema.org","@graph":[{"@type":"WebPage","@id":"https:\/\/szallkerplast.hu\/product\/gulyastal-tetovel\/","url":"https:\/\/szallkerplast.hu\/product\/gulyastal-tetovel\/","name":"Guly\u00e1st\u00e1l tet\u0151vel - Sz\u00e1ll-Ker-Plast","isPartOf":{"@id":"https:\/\/szallkerplast.hu\/#website"},"primaryImageOfPage":{"@id":"https:\/\/szallkerplast.hu\/product\/gulyastal-tetovel\/#primaryimage"},"image":{"@id":"https:\/\/szallkerplast.hu\/product\/gulyastal-tetovel\/#primaryimage"},"thumbnailUrl":"https:\/\/szallkerplast.hu\/wp-content\/uploads\/2023\/05\/mikrodoboz-7dl-scaled.jpeg","datePublished":"2025-10-07T07:50:33+00:00","dateModified":"2025-10-09T16:43:11+00:00","breadcrumb":{"@id":"https:\/\/szallkerplast.hu\/product\/gulyastal-tetovel\/#breadcrumb"},"inLanguage":"ro-RO","potentialAction":[{"@type":"ReadAction","target":["https:\/\/szallkerplast.hu\/product\/gulyastal-tetovel\/"]}]},{"@type":"ImageObject","inLanguage":"ro-RO","@id":"https:\/\/szallkerplast.hu\/product\/gulyastal-tetovel\/#primaryimage","url":"https:\/\/szallkerplast.hu\/wp-content\/uploads\/2023\/05\/mikrodoboz-7dl-scaled.jpeg","contentUrl":"https:\/\/szallkerplast.hu\/wp-content\/uploads\/2023\/05\/mikrodoboz-7dl-scaled.jpeg","width":1707,"height":2560},{"@type":"BreadcrumbList","@id":"https:\/\/szallkerplast.hu\/product\/gulyastal-tetovel\/#breadcrumb","itemListElement":[{"@type":"ListItem","position":1,"name":"Home","item":"https:\/\/szallkerplast.hu\/"},{"@type":"ListItem","position":2,"name":"M\u0171anyagipari term\u00e9kek","item":"https:\/\/szallkerplast.hu\/muanyagipari-termekek\/"},{"@type":"ListItem","position":3,"name":"Guly\u00e1st\u00e1l tet\u0151vel"}]},{"@type":"WebSite","@id":"https:\/\/szallkerplast.hu\/#website","url":"https:\/\/szallkerplast.hu\/","name":"Sz\u00e1ll-Ker-Plast","description":"Turnare prin injec\u021bie de plastic","publisher":{"@id":"https:\/\/szallkerplast.hu\/#organization"},"potentialAction":[{"@type":"SearchAction","target":{"@type":"EntryPoint","urlTemplate":"https:\/\/szallkerplast.hu\/?s={search_term_string}"},"query-input":{"@type":"PropertyValueSpecification","valueRequired":true,"valueName":"search_term_string"}}],"inLanguage":"ro-RO"},{"@type":"Organization","@id":"https:\/\/szallkerplast.hu\/#organization","name":"Sz\u00e1ll-Ker-Plast","url":"https:\/\/szallkerplast.hu\/","logo":{"@type":"ImageObject","inLanguage":"ro-RO","@id":"https:\/\/szallkerplast.hu\/#\/schema\/logo\/image\/","url":"https:\/\/szallkerplast.hu\/wp-content\/uploads\/2023\/05\/szallker_title.png","contentUrl":"https:\/\/szallkerplast.hu\/wp-content\/uploads\/2023\/05\/szallker_title.png","width":2000,"height":396,"caption":"Sz\u00e1ll-Ker-Plast"},"image":{"@id":"https:\/\/szallkerplast.hu\/#\/schema\/logo\/image\/"}}]}},"_links":{"self":[{"href":"https:\/\/szallkerplast.hu\/ro\/wp-json\/wp\/v2\/product\/1392","targetHints":{"allow":["GET"]}}],"collection":[{"href":"https:\/\/szallkerplast.hu\/ro\/wp-json\/wp\/v2\/product"}],"about":[{"href":"https:\/\/szallkerplast.hu\/ro\/wp-json\/wp\/v2\/types\/product"}],"version-history":[{"count":2,"href":"https:\/\/szallkerplast.hu\/ro\/wp-json\/wp\/v2\/product\/1392\/revisions"}],"predecessor-version":[{"id":1667,"href":"https:\/\/szallkerplast.hu\/ro\/wp-json\/wp\/v2\/product\/1392\/revisions\/1667"}],"wp:featuredmedia":[{"embeddable":true,"href":"https:\/\/szallkerplast.hu\/ro\/wp-json\/wp\/v2\/media\/440"}],"wp:attachment":[{"href":"https:\/\/szallkerplast.hu\/ro\/wp-json\/wp\/v2\/media?parent=1392"}],"wp:term":[{"taxonomy":"product_brand","embeddable":true,"href":"https:\/\/szallkerplast.hu\/ro\/wp-json\/wp\/v2\/product_brand?post=1392"},{"taxonomy":"product_cat","embeddable":true,"href":"https:\/\/szallkerplast.hu\/ro\/wp-json\/wp\/v2\/product_cat?post=1392"},{"taxonomy":"product_tag","embeddable":true,"href":"https:\/\/szallkerplast.hu\/ro\/wp-json\/wp\/v2\/product_tag?post=1392"}],"curies":[{"name":"wp","href":"https:\/\/api.w.org\/{rel}","templated":true}]}}