{"id":1383,"date":"2025-10-07T09:50:32","date_gmt":"2025-10-07T07:50:32","guid":{"rendered":"https:\/\/szallkerplast.hu\/product\/21-es-etelhordo\/"},"modified":"2025-10-07T09:54:56","modified_gmt":"2025-10-07T07:54:56","slug":"21-es-etelhordo","status":"publish","type":"product","link":"https:\/\/szallkerplast.hu\/sk\/product\/21-es-etelhordo\/","title":{"rendered":"2+1 N\u00e1doba na jedlo"},"content":{"rendered":"<p>N\u00e1\u0161 obed\u00e1r je ide\u00e1lnou vo\u013ebou, ak h\u013ead\u00e1te spo\u013eahliv\u00e9 a kvalitn\u00e9 rie\u0161enie na skladovanie potrav\u00edn. Na\u0161e produkty s\u00fa vyroben\u00e9 z polypropyl\u00e9nu, ktor\u00fd zaru\u010duje odolnos\u0165 a dlh\u00fa \u017eivotnos\u0165. Produkt je vhodn\u00fd do mikrovlnnej r\u00fary, \u010do umo\u017e\u0148uje r\u00fdchlo a jednoducho zohria\u0165 jedlo priamo v n\u00e1dobe. Jednoducho sa \u010dist\u00ed teplou mydlovou vodou, \u010do je r\u00fdchly a efekt\u00edvny sp\u00f4sob odstr\u00e1nenia zvy\u0161kov jedla. Obed\u00e1r je dostupn\u00fd s vie\u010dkami v r\u00f4znych farb\u00e1ch, pod\u013ea osobn\u00fdch preferenci\u00ed, \u010do u\u013eah\u010duje rozl\u00ed\u0161enie jed\u00e1l a n\u00e1jdenie spr\u00e1vnej n\u00e1doby.<\/p>\n<p>Ma\u010farsk\u00fd v\u00fdrobok, vyroben\u00fd na na\u0161ich vlastn\u00fdch v\u00fdrobn\u00fdch link\u00e1ch. Pou\u017e\u00edvame kvalitn\u00e9 materi\u00e1ly a d\u00f4kladne kontrolujeme v\u00fdrobn\u00fd proces, aby sme zabezpe\u010dili vynikaj\u00facu kvalitu a spo\u013eahlivos\u0165 na\u0161ich v\u00fdrobkov.<\/p>\n<p>Vyberte si na\u0161e obed\u00e1re pre ve\u013ekoobchod a maloobchod, aby ste svojim z\u00e1kazn\u00edkom zabezpe\u010dili spo\u013eahliv\u00e9 a praktick\u00e9 skladovanie potrav\u00edn. Tento produkt je vynikaj\u00facou vo\u013ebou na ka\u017edodenn\u00e9 pou\u017eitie, cestovanie, do pr\u00e1ce a na in\u00e9 pr\u00edle\u017eitosti, kde je d\u00f4le\u017eit\u00e9 bezpe\u010dn\u00e9 a \u010derstv\u00e9 skladovanie jedla.<\/p>","protected":false},"excerpt":{"rendered":"<ul>\n<li>Materi\u00e1l: Polypropyl\u00e9n<\/li>\n<li>Vhodn\u00e9 do mikrovlnnej r\u00fary<\/li>\n<li>Jednoducho \u010distite\u013en\u00e9 teplou mydlovou vodou<\/li>\n<li>Dostupn\u00e9 aj s vie\u010dkami v r\u00f4znych farb\u00e1ch<\/li>\n<li>Ma\u010farsk\u00fd v\u00fdrobok vyroben\u00fd nami<\/li>\n<\/ul>","protected":false},"featured_media":618,"template":"","meta":[],"product_brand":[],"product_cat":[38],"product_tag":[],"class_list":{"0":"post-1383","1":"product","2":"type-product","3":"status-publish","4":"has-post-thumbnail","6":"product_cat-haztartasi-termekek","8":"first","9":"instock","10":"taxable","11":"shipping-taxable","12":"product-type-simple"},"yoast_head":"<!-- This site is optimized with the Yoast SEO plugin v27.1.1 - https:\/\/yoast.com\/product\/yoast-seo-wordpress\/ -->\n<title>2+1-es \u00c9telhord\u00f3 - Sz\u00e1ll-Ker-Plast<\/title>\n<meta name=\"robots\" content=\"noindex, follow\" \/>\n<meta property=\"og:locale\" content=\"sk_SK\" \/>\n<meta property=\"og:type\" content=\"article\" \/>\n<meta property=\"og:title\" content=\"2+1-es \u00c9telhord\u00f3 - Sz\u00e1ll-Ker-Plast\" \/>\n<meta property=\"og:description\" content=\"anyaga: polipropil\u00e9n  mikrohull\u00e1m\u00fa s\u00fct\u0151ben haszn\u00e1lhat\u00f3  egyszer\u0171en, meleg mos\u00f3szeres v\u00edzzel tiszt\u00edthat\u00f3  t\u00f6bb sz\u00edn\u0171 fed\u0151vel is  \u00e1ltalunk gy\u00e1rtott magyar term\u00e9k\" \/>\n<meta property=\"og:url\" content=\"https:\/\/szallkerplast.hu\/sk\/product\/21-es-etelhordo\/\" \/>\n<meta property=\"og:site_name\" content=\"Sz\u00e1ll-Ker-Plast\" \/>\n<meta property=\"article:modified_time\" content=\"2025-10-07T07:54:56+00:00\" \/>\n<meta property=\"og:image\" content=\"https:\/\/szallkerplast.hu\/wp-content\/uploads\/2023\/06\/2_1_etelhordo-scaled.jpeg\" \/>\n\t<meta property=\"og:image:width\" content=\"1707\" \/>\n\t<meta property=\"og:image:height\" content=\"2560\" \/>\n\t<meta property=\"og:image:type\" content=\"image\/jpeg\" \/>\n<meta name=\"twitter:card\" content=\"summary_large_image\" \/>\n<meta name=\"twitter:label1\" content=\"Predpokladan\u00fd \u010das \u010d\u00edtania\" \/>\n\t<meta name=\"twitter:data1\" content=\"1 min\u00fata\" \/>\n<script type=\"application\/ld+json\" class=\"yoast-schema-graph\">{\"@context\":\"https:\/\/schema.org\",\"@graph\":[{\"@type\":\"WebPage\",\"@id\":\"https:\/\/szallkerplast.hu\/product\/21-es-etelhordo\/\",\"url\":\"https:\/\/szallkerplast.hu\/product\/21-es-etelhordo\/\",\"name\":\"2+1-es \u00c9telhord\u00f3 - Sz\u00e1ll-Ker-Plast\",\"isPartOf\":{\"@id\":\"https:\/\/szallkerplast.hu\/#website\"},\"primaryImageOfPage\":{\"@id\":\"https:\/\/szallkerplast.hu\/product\/21-es-etelhordo\/#primaryimage\"},\"image\":{\"@id\":\"https:\/\/szallkerplast.hu\/product\/21-es-etelhordo\/#primaryimage\"},\"thumbnailUrl\":\"https:\/\/szallkerplast.hu\/wp-content\/uploads\/2023\/06\/2_1_etelhordo-scaled.jpeg\",\"datePublished\":\"2025-10-07T07:50:32+00:00\",\"dateModified\":\"2025-10-07T07:54:56+00:00\",\"breadcrumb\":{\"@id\":\"https:\/\/szallkerplast.hu\/product\/21-es-etelhordo\/#breadcrumb\"},\"inLanguage\":\"sk-SK\",\"potentialAction\":[{\"@type\":\"ReadAction\",\"target\":[\"https:\/\/szallkerplast.hu\/product\/21-es-etelhordo\/\"]}]},{\"@type\":\"ImageObject\",\"inLanguage\":\"sk-SK\",\"@id\":\"https:\/\/szallkerplast.hu\/product\/21-es-etelhordo\/#primaryimage\",\"url\":\"https:\/\/szallkerplast.hu\/wp-content\/uploads\/2023\/06\/2_1_etelhordo-scaled.jpeg\",\"contentUrl\":\"https:\/\/szallkerplast.hu\/wp-content\/uploads\/2023\/06\/2_1_etelhordo-scaled.jpeg\",\"width\":1707,\"height\":2560,\"caption\":\"2+1-es \u00e9telhord\u00f3\"},{\"@type\":\"BreadcrumbList\",\"@id\":\"https:\/\/szallkerplast.hu\/product\/21-es-etelhordo\/#breadcrumb\",\"itemListElement\":[{\"@type\":\"ListItem\",\"position\":1,\"name\":\"Home\",\"item\":\"https:\/\/szallkerplast.hu\/\"},{\"@type\":\"ListItem\",\"position\":2,\"name\":\"M\u0171anyagipari term\u00e9kek\",\"item\":\"https:\/\/szallkerplast.hu\/muanyagipari-termekek\/\"},{\"@type\":\"ListItem\",\"position\":3,\"name\":\"2+1-es \u00c9telhord\u00f3\"}]},{\"@type\":\"WebSite\",\"@id\":\"https:\/\/szallkerplast.hu\/#website\",\"url\":\"https:\/\/szallkerplast.hu\/\",\"name\":\"Sz\u00e1ll-Ker-Plast\",\"description\":\"M\u0171anyagipari fr\u00f6ccs\u00f6nt\u00e9s\",\"publisher\":{\"@id\":\"https:\/\/szallkerplast.hu\/#organization\"},\"potentialAction\":[{\"@type\":\"SearchAction\",\"target\":{\"@type\":\"EntryPoint\",\"urlTemplate\":\"https:\/\/szallkerplast.hu\/?s={search_term_string}\"},\"query-input\":{\"@type\":\"PropertyValueSpecification\",\"valueRequired\":true,\"valueName\":\"search_term_string\"}}],\"inLanguage\":\"sk-SK\"},{\"@type\":\"Organization\",\"@id\":\"https:\/\/szallkerplast.hu\/#organization\",\"name\":\"Sz\u00e1ll-Ker-Plast\",\"url\":\"https:\/\/szallkerplast.hu\/\",\"logo\":{\"@type\":\"ImageObject\",\"inLanguage\":\"sk-SK\",\"@id\":\"https:\/\/szallkerplast.hu\/#\/schema\/logo\/image\/\",\"url\":\"https:\/\/szallkerplast.hu\/wp-content\/uploads\/2023\/05\/szallker_title.png\",\"contentUrl\":\"https:\/\/szallkerplast.hu\/wp-content\/uploads\/2023\/05\/szallker_title.png\",\"width\":2000,\"height\":396,\"caption\":\"Sz\u00e1ll-Ker-Plast\"},\"image\":{\"@id\":\"https:\/\/szallkerplast.hu\/#\/schema\/logo\/image\/\"}}]}<\/script>\n<!-- \/ Yoast SEO plugin. -->","yoast_head_json":{"title":"2+1-es \u00c9telhord\u00f3 - Sz\u00e1ll-Ker-Plast","robots":{"index":"noindex","follow":"follow"},"og_locale":"sk_SK","og_type":"article","og_title":"2+1-es \u00c9telhord\u00f3 - Sz\u00e1ll-Ker-Plast","og_description":"anyaga: polipropil\u00e9n  mikrohull\u00e1m\u00fa s\u00fct\u0151ben haszn\u00e1lhat\u00f3  egyszer\u0171en, meleg mos\u00f3szeres v\u00edzzel tiszt\u00edthat\u00f3  t\u00f6bb sz\u00edn\u0171 fed\u0151vel is  \u00e1ltalunk gy\u00e1rtott magyar term\u00e9k","og_url":"https:\/\/szallkerplast.hu\/sk\/product\/21-es-etelhordo\/","og_site_name":"Sz\u00e1ll-Ker-Plast","article_modified_time":"2025-10-07T07:54:56+00:00","og_image":[{"width":1707,"height":2560,"url":"https:\/\/szallkerplast.hu\/wp-content\/uploads\/2023\/06\/2_1_etelhordo-scaled.jpeg","type":"image\/jpeg"}],"twitter_card":"summary_large_image","twitter_misc":{"Predpokladan\u00fd \u010das \u010d\u00edtania":"1 min\u00fata"},"schema":{"@context":"https:\/\/schema.org","@graph":[{"@type":"WebPage","@id":"https:\/\/szallkerplast.hu\/product\/21-es-etelhordo\/","url":"https:\/\/szallkerplast.hu\/product\/21-es-etelhordo\/","name":"2+1-es \u00c9telhord\u00f3 - Sz\u00e1ll-Ker-Plast","isPartOf":{"@id":"https:\/\/szallkerplast.hu\/#website"},"primaryImageOfPage":{"@id":"https:\/\/szallkerplast.hu\/product\/21-es-etelhordo\/#primaryimage"},"image":{"@id":"https:\/\/szallkerplast.hu\/product\/21-es-etelhordo\/#primaryimage"},"thumbnailUrl":"https:\/\/szallkerplast.hu\/wp-content\/uploads\/2023\/06\/2_1_etelhordo-scaled.jpeg","datePublished":"2025-10-07T07:50:32+00:00","dateModified":"2025-10-07T07:54:56+00:00","breadcrumb":{"@id":"https:\/\/szallkerplast.hu\/product\/21-es-etelhordo\/#breadcrumb"},"inLanguage":"sk-SK","potentialAction":[{"@type":"ReadAction","target":["https:\/\/szallkerplast.hu\/product\/21-es-etelhordo\/"]}]},{"@type":"ImageObject","inLanguage":"sk-SK","@id":"https:\/\/szallkerplast.hu\/product\/21-es-etelhordo\/#primaryimage","url":"https:\/\/szallkerplast.hu\/wp-content\/uploads\/2023\/06\/2_1_etelhordo-scaled.jpeg","contentUrl":"https:\/\/szallkerplast.hu\/wp-content\/uploads\/2023\/06\/2_1_etelhordo-scaled.jpeg","width":1707,"height":2560,"caption":"2+1-es \u00e9telhord\u00f3"},{"@type":"BreadcrumbList","@id":"https:\/\/szallkerplast.hu\/product\/21-es-etelhordo\/#breadcrumb","itemListElement":[{"@type":"ListItem","position":1,"name":"Home","item":"https:\/\/szallkerplast.hu\/"},{"@type":"ListItem","position":2,"name":"M\u0171anyagipari term\u00e9kek","item":"https:\/\/szallkerplast.hu\/muanyagipari-termekek\/"},{"@type":"ListItem","position":3,"name":"2+1-es \u00c9telhord\u00f3"}]},{"@type":"WebSite","@id":"https:\/\/szallkerplast.hu\/#website","url":"https:\/\/szallkerplast.hu\/","name":"Sz\u00e1ll-Ker-Plast","description":"Tvarovanie plastov","publisher":{"@id":"https:\/\/szallkerplast.hu\/#organization"},"potentialAction":[{"@type":"SearchAction","target":{"@type":"EntryPoint","urlTemplate":"https:\/\/szallkerplast.hu\/?s={search_term_string}"},"query-input":{"@type":"PropertyValueSpecification","valueRequired":true,"valueName":"search_term_string"}}],"inLanguage":"sk-SK"},{"@type":"Organization","@id":"https:\/\/szallkerplast.hu\/#organization","name":"Sz\u00e1ll-Ker-Plast","url":"https:\/\/szallkerplast.hu\/","logo":{"@type":"ImageObject","inLanguage":"sk-SK","@id":"https:\/\/szallkerplast.hu\/#\/schema\/logo\/image\/","url":"https:\/\/szallkerplast.hu\/wp-content\/uploads\/2023\/05\/szallker_title.png","contentUrl":"https:\/\/szallkerplast.hu\/wp-content\/uploads\/2023\/05\/szallker_title.png","width":2000,"height":396,"caption":"Sz\u00e1ll-Ker-Plast"},"image":{"@id":"https:\/\/szallkerplast.hu\/#\/schema\/logo\/image\/"}}]}},"_links":{"self":[{"href":"https:\/\/szallkerplast.hu\/sk\/wp-json\/wp\/v2\/product\/1383","targetHints":{"allow":["GET"]}}],"collection":[{"href":"https:\/\/szallkerplast.hu\/sk\/wp-json\/wp\/v2\/product"}],"about":[{"href":"https:\/\/szallkerplast.hu\/sk\/wp-json\/wp\/v2\/types\/product"}],"version-history":[{"count":1,"href":"https:\/\/szallkerplast.hu\/sk\/wp-json\/wp\/v2\/product\/1383\/revisions"}],"predecessor-version":[{"id":1408,"href":"https:\/\/szallkerplast.hu\/sk\/wp-json\/wp\/v2\/product\/1383\/revisions\/1408"}],"wp:featuredmedia":[{"embeddable":true,"href":"https:\/\/szallkerplast.hu\/sk\/wp-json\/wp\/v2\/media\/618"}],"wp:attachment":[{"href":"https:\/\/szallkerplast.hu\/sk\/wp-json\/wp\/v2\/media?parent=1383"}],"wp:term":[{"taxonomy":"product_brand","embeddable":true,"href":"https:\/\/szallkerplast.hu\/sk\/wp-json\/wp\/v2\/product_brand?post=1383"},{"taxonomy":"product_cat","embeddable":true,"href":"https:\/\/szallkerplast.hu\/sk\/wp-json\/wp\/v2\/product_cat?post=1383"},{"taxonomy":"product_tag","embeddable":true,"href":"https:\/\/szallkerplast.hu\/sk\/wp-json\/wp\/v2\/product_tag?post=1383"}],"curies":[{"name":"wp","href":"https:\/\/api.w.org\/{rel}","templated":true}]}}