{"id":1391,"date":"2025-10-07T09:50:33","date_gmt":"2025-10-07T07:50:33","guid":{"rendered":"https:\/\/szallkerplast.hu\/product\/fix-asztalka\/"},"modified":"2025-10-07T10:00:47","modified_gmt":"2025-10-07T08:00:47","slug":"fix-asztalka","status":"publish","type":"product","link":"https:\/\/szallkerplast.hu\/sk\/product\/fix-asztalka\/","title":{"rendered":"Pevn\u00fd stol\u00edk"},"content":{"rendered":"","protected":false},"excerpt":{"rendered":"","protected":false},"featured_media":438,"template":"","meta":[],"product_brand":[],"product_cat":[39],"product_tag":[],"class_list":{"0":"post-1391","1":"product","2":"type-product","3":"status-publish","4":"has-post-thumbnail","6":"product_cat-vasutipari-termekek","8":"first","9":"instock","10":"taxable","11":"shipping-taxable","12":"product-type-simple"},"yoast_head":"<!-- This site is optimized with the Yoast SEO plugin v27.1.1 - https:\/\/yoast.com\/product\/yoast-seo-wordpress\/ -->\n<title>Fix Asztalka - Sz\u00e1ll-Ker-Plast<\/title>\n<meta name=\"robots\" content=\"noindex, follow\" \/>\n<meta property=\"og:locale\" content=\"sk_SK\" \/>\n<meta property=\"og:type\" content=\"article\" \/>\n<meta property=\"og:title\" content=\"Fix Asztalka - Sz\u00e1ll-Ker-Plast\" \/>\n<meta property=\"og:url\" content=\"https:\/\/szallkerplast.hu\/sk\/product\/fix-asztalka\/\" \/>\n<meta property=\"og:site_name\" content=\"Sz\u00e1ll-Ker-Plast\" \/>\n<meta property=\"article:modified_time\" content=\"2025-10-07T08:00:47+00:00\" \/>\n<meta property=\"og:image\" content=\"https:\/\/szallkerplast.hu\/wp-content\/uploads\/2023\/05\/fix-asztalka-scaled.jpeg\" \/>\n\t<meta property=\"og:image:width\" content=\"1707\" \/>\n\t<meta property=\"og:image:height\" content=\"2560\" \/>\n\t<meta property=\"og:image:type\" content=\"image\/jpeg\" \/>\n<meta name=\"twitter:card\" content=\"summary_large_image\" \/>\n<meta name=\"twitter:label1\" content=\"Predpokladan\u00fd \u010das \u010d\u00edtania\" \/>\n\t<meta name=\"twitter:data1\" content=\"1 min\u00fata\" \/>\n<script type=\"application\/ld+json\" class=\"yoast-schema-graph\">{\"@context\":\"https:\/\/schema.org\",\"@graph\":[{\"@type\":\"WebPage\",\"@id\":\"https:\/\/szallkerplast.hu\/product\/fix-asztalka\/\",\"url\":\"https:\/\/szallkerplast.hu\/product\/fix-asztalka\/\",\"name\":\"Fix Asztalka - Sz\u00e1ll-Ker-Plast\",\"isPartOf\":{\"@id\":\"https:\/\/szallkerplast.hu\/#website\"},\"primaryImageOfPage\":{\"@id\":\"https:\/\/szallkerplast.hu\/product\/fix-asztalka\/#primaryimage\"},\"image\":{\"@id\":\"https:\/\/szallkerplast.hu\/product\/fix-asztalka\/#primaryimage\"},\"thumbnailUrl\":\"https:\/\/szallkerplast.hu\/wp-content\/uploads\/2023\/05\/fix-asztalka-scaled.jpeg\",\"datePublished\":\"2025-10-07T07:50:33+00:00\",\"dateModified\":\"2025-10-07T08:00:47+00:00\",\"breadcrumb\":{\"@id\":\"https:\/\/szallkerplast.hu\/product\/fix-asztalka\/#breadcrumb\"},\"inLanguage\":\"sk-SK\",\"potentialAction\":[{\"@type\":\"ReadAction\",\"target\":[\"https:\/\/szallkerplast.hu\/product\/fix-asztalka\/\"]}]},{\"@type\":\"ImageObject\",\"inLanguage\":\"sk-SK\",\"@id\":\"https:\/\/szallkerplast.hu\/product\/fix-asztalka\/#primaryimage\",\"url\":\"https:\/\/szallkerplast.hu\/wp-content\/uploads\/2023\/05\/fix-asztalka-scaled.jpeg\",\"contentUrl\":\"https:\/\/szallkerplast.hu\/wp-content\/uploads\/2023\/05\/fix-asztalka-scaled.jpeg\",\"width\":1707,\"height\":2560},{\"@type\":\"BreadcrumbList\",\"@id\":\"https:\/\/szallkerplast.hu\/product\/fix-asztalka\/#breadcrumb\",\"itemListElement\":[{\"@type\":\"ListItem\",\"position\":1,\"name\":\"Home\",\"item\":\"https:\/\/szallkerplast.hu\/\"},{\"@type\":\"ListItem\",\"position\":2,\"name\":\"M\u0171anyagipari term\u00e9kek\",\"item\":\"https:\/\/szallkerplast.hu\/muanyagipari-termekek\/\"},{\"@type\":\"ListItem\",\"position\":3,\"name\":\"Fix Asztalka\"}]},{\"@type\":\"WebSite\",\"@id\":\"https:\/\/szallkerplast.hu\/#website\",\"url\":\"https:\/\/szallkerplast.hu\/\",\"name\":\"Sz\u00e1ll-Ker-Plast\",\"description\":\"M\u0171anyagipari fr\u00f6ccs\u00f6nt\u00e9s\",\"publisher\":{\"@id\":\"https:\/\/szallkerplast.hu\/#organization\"},\"potentialAction\":[{\"@type\":\"SearchAction\",\"target\":{\"@type\":\"EntryPoint\",\"urlTemplate\":\"https:\/\/szallkerplast.hu\/?s={search_term_string}\"},\"query-input\":{\"@type\":\"PropertyValueSpecification\",\"valueRequired\":true,\"valueName\":\"search_term_string\"}}],\"inLanguage\":\"sk-SK\"},{\"@type\":\"Organization\",\"@id\":\"https:\/\/szallkerplast.hu\/#organization\",\"name\":\"Sz\u00e1ll-Ker-Plast\",\"url\":\"https:\/\/szallkerplast.hu\/\",\"logo\":{\"@type\":\"ImageObject\",\"inLanguage\":\"sk-SK\",\"@id\":\"https:\/\/szallkerplast.hu\/#\/schema\/logo\/image\/\",\"url\":\"https:\/\/szallkerplast.hu\/wp-content\/uploads\/2023\/05\/szallker_title.png\",\"contentUrl\":\"https:\/\/szallkerplast.hu\/wp-content\/uploads\/2023\/05\/szallker_title.png\",\"width\":2000,\"height\":396,\"caption\":\"Sz\u00e1ll-Ker-Plast\"},\"image\":{\"@id\":\"https:\/\/szallkerplast.hu\/#\/schema\/logo\/image\/\"}}]}<\/script>\n<!-- \/ Yoast SEO plugin. -->","yoast_head_json":{"title":"Fix Asztalka - Sz\u00e1ll-Ker-Plast","robots":{"index":"noindex","follow":"follow"},"og_locale":"sk_SK","og_type":"article","og_title":"Fix Asztalka - Sz\u00e1ll-Ker-Plast","og_url":"https:\/\/szallkerplast.hu\/sk\/product\/fix-asztalka\/","og_site_name":"Sz\u00e1ll-Ker-Plast","article_modified_time":"2025-10-07T08:00:47+00:00","og_image":[{"width":1707,"height":2560,"url":"https:\/\/szallkerplast.hu\/wp-content\/uploads\/2023\/05\/fix-asztalka-scaled.jpeg","type":"image\/jpeg"}],"twitter_card":"summary_large_image","twitter_misc":{"Predpokladan\u00fd \u010das \u010d\u00edtania":"1 min\u00fata"},"schema":{"@context":"https:\/\/schema.org","@graph":[{"@type":"WebPage","@id":"https:\/\/szallkerplast.hu\/product\/fix-asztalka\/","url":"https:\/\/szallkerplast.hu\/product\/fix-asztalka\/","name":"Fix Asztalka - Sz\u00e1ll-Ker-Plast","isPartOf":{"@id":"https:\/\/szallkerplast.hu\/#website"},"primaryImageOfPage":{"@id":"https:\/\/szallkerplast.hu\/product\/fix-asztalka\/#primaryimage"},"image":{"@id":"https:\/\/szallkerplast.hu\/product\/fix-asztalka\/#primaryimage"},"thumbnailUrl":"https:\/\/szallkerplast.hu\/wp-content\/uploads\/2023\/05\/fix-asztalka-scaled.jpeg","datePublished":"2025-10-07T07:50:33+00:00","dateModified":"2025-10-07T08:00:47+00:00","breadcrumb":{"@id":"https:\/\/szallkerplast.hu\/product\/fix-asztalka\/#breadcrumb"},"inLanguage":"sk-SK","potentialAction":[{"@type":"ReadAction","target":["https:\/\/szallkerplast.hu\/product\/fix-asztalka\/"]}]},{"@type":"ImageObject","inLanguage":"sk-SK","@id":"https:\/\/szallkerplast.hu\/product\/fix-asztalka\/#primaryimage","url":"https:\/\/szallkerplast.hu\/wp-content\/uploads\/2023\/05\/fix-asztalka-scaled.jpeg","contentUrl":"https:\/\/szallkerplast.hu\/wp-content\/uploads\/2023\/05\/fix-asztalka-scaled.jpeg","width":1707,"height":2560},{"@type":"BreadcrumbList","@id":"https:\/\/szallkerplast.hu\/product\/fix-asztalka\/#breadcrumb","itemListElement":[{"@type":"ListItem","position":1,"name":"Home","item":"https:\/\/szallkerplast.hu\/"},{"@type":"ListItem","position":2,"name":"M\u0171anyagipari term\u00e9kek","item":"https:\/\/szallkerplast.hu\/muanyagipari-termekek\/"},{"@type":"ListItem","position":3,"name":"Fix Asztalka"}]},{"@type":"WebSite","@id":"https:\/\/szallkerplast.hu\/#website","url":"https:\/\/szallkerplast.hu\/","name":"Sz\u00e1ll-Ker-Plast","description":"Tvarovanie plastov","publisher":{"@id":"https:\/\/szallkerplast.hu\/#organization"},"potentialAction":[{"@type":"SearchAction","target":{"@type":"EntryPoint","urlTemplate":"https:\/\/szallkerplast.hu\/?s={search_term_string}"},"query-input":{"@type":"PropertyValueSpecification","valueRequired":true,"valueName":"search_term_string"}}],"inLanguage":"sk-SK"},{"@type":"Organization","@id":"https:\/\/szallkerplast.hu\/#organization","name":"Sz\u00e1ll-Ker-Plast","url":"https:\/\/szallkerplast.hu\/","logo":{"@type":"ImageObject","inLanguage":"sk-SK","@id":"https:\/\/szallkerplast.hu\/#\/schema\/logo\/image\/","url":"https:\/\/szallkerplast.hu\/wp-content\/uploads\/2023\/05\/szallker_title.png","contentUrl":"https:\/\/szallkerplast.hu\/wp-content\/uploads\/2023\/05\/szallker_title.png","width":2000,"height":396,"caption":"Sz\u00e1ll-Ker-Plast"},"image":{"@id":"https:\/\/szallkerplast.hu\/#\/schema\/logo\/image\/"}}]}},"_links":{"self":[{"href":"https:\/\/szallkerplast.hu\/sk\/wp-json\/wp\/v2\/product\/1391","targetHints":{"allow":["GET"]}}],"collection":[{"href":"https:\/\/szallkerplast.hu\/sk\/wp-json\/wp\/v2\/product"}],"about":[{"href":"https:\/\/szallkerplast.hu\/sk\/wp-json\/wp\/v2\/types\/product"}],"version-history":[{"count":1,"href":"https:\/\/szallkerplast.hu\/sk\/wp-json\/wp\/v2\/product\/1391\/revisions"}],"predecessor-version":[{"id":1416,"href":"https:\/\/szallkerplast.hu\/sk\/wp-json\/wp\/v2\/product\/1391\/revisions\/1416"}],"wp:featuredmedia":[{"embeddable":true,"href":"https:\/\/szallkerplast.hu\/sk\/wp-json\/wp\/v2\/media\/438"}],"wp:attachment":[{"href":"https:\/\/szallkerplast.hu\/sk\/wp-json\/wp\/v2\/media?parent=1391"}],"wp:term":[{"taxonomy":"product_brand","embeddable":true,"href":"https:\/\/szallkerplast.hu\/sk\/wp-json\/wp\/v2\/product_brand?post=1391"},{"taxonomy":"product_cat","embeddable":true,"href":"https:\/\/szallkerplast.hu\/sk\/wp-json\/wp\/v2\/product_cat?post=1391"},{"taxonomy":"product_tag","embeddable":true,"href":"https:\/\/szallkerplast.hu\/sk\/wp-json\/wp\/v2\/product_tag?post=1391"}],"curies":[{"name":"wp","href":"https:\/\/api.w.org\/{rel}","templated":true}]}}